{"id":60140,"date":"2020-05-20T06:56:20","date_gmt":"2020-05-20T06:56:20","guid":{"rendered":"https:\/\/www.commel.hr\/?page_id=60140"},"modified":"2021-02-02T08:58:41","modified_gmt":"2021-02-02T08:58:41","slug":"privacy-policy","status":"publish","type":"page","link":"https:\/\/www.commel.hr\/en\/privacy-policy\/","title":{"rendered":"Privacy Policy"},"content":{"rendered":"<p>Va\u0161a privatnost nam je va\u017ena. Ova Politika privatnosti pokriva koje osobne podatke prikupljamo te kako ih koristimo, pohranjujemo, prenosimo i \u0161titimo.<\/p>\n<p><strong>Koje podatke prikupljamo o Vama?<\/strong><br \/>\nKada se pretplatite se na na\u0161 newsletter ili odgovorite na anketu, prikupljaju se osnovni podaci o kontaktu kao \u0161to su e-mail adresa i Va\u0161e ime.<\/p>\n<p><strong>Kako \u0107emo koristiti informacije o Vama?<\/strong><br \/>\nPrikupljamo i pohranjujemo informacije o Vama kako bismo Vam slali obavijesti e-mailom o drugim proizvodima i uslugama za koje mislimo da bi Vam mogli biti od interesa.<br \/>\nCommel \u2013 Zagreb d.o.o. ne\u0107e prodavati, razmjenjivati, prenositi niti davati va\u0161e podatke bilo kojoj drugoj tvrtki.<\/p>\n<p><strong>Razdoblje \u010duvanja podataka<\/strong><br \/>\nVa\u0161e podatke \u010duvamo trajno, ili do prestanka zakonski obveznog razdoblja \u010duvanja.<\/p>\n<p><strong>Pristup osobnim informacijama i Va\u0161a prava<\/strong><br \/>\nImate pravo zatra\u017eiti kopiju podataka koje dr\u017eimo o Vama. Ako \u017eelite kopiju nekih ili svih Va\u0161ih osobnih podataka, molimo da nas kontaktirate na info@commel.hr. Mo\u017eemo naplatiti malu naknadu za ovu uslugu.<br \/>\nImate pravo u bilo kojem trenutku tra\u017eiti da Vas isklju\u010dimo s mailing liste za marketin\u0161ke svrhe. Ako vi\u0161e ne \u017eelite da Vam \u0161aljemo marketin\u0161ke obavijesti, molimo kontaktirajte nas na info@commel.hr.<br \/>\n\u017delimo biti sigurni da su Va\u0161i osobni podaci to\u010dni i a\u017eurni. Imate pravo zatra\u017eiti da ispravimo ili uklonimo informacije o vama koje su neto\u010dne.<br \/>\nImate pravo zatra\u017eiti brisanje Va\u0161ih osobnih podataka, ako osobni podaci vi\u0161e nisu potrebni za svrhe za koje su prikupljeni ili na drugi na\u010din obra\u0111eni, ako povu\u010dete Va\u0161u suglasnost na kojoj se temelji obrada ili ako nema drugog pravnog temelja za obradu.<\/p>\n<p><strong>Upotreba kola\u010di\u0107a (Cookies)<\/strong><br \/>\nKola\u010di\u0107i su tekstualne datoteke koje se nalaze na Va\u0161em ra\u010dunalu za prikupljanje standardnih informacija o zapisnicima interneta i informacija o pona\u0161anju posjetitelja. Ove se informacije koriste za pra\u0107enje kori\u0161tenja web stranice i za sastavljanje statisti\u010dkih izvje\u0161\u0107a o aktivnostima web mjesta.<br \/>\nVa\u0161 preglednik mo\u017eete postaviti da ne prihva\u0107a kola\u010di\u0107e. Me\u0111utim, kao rezultat toga, u nekim slu\u010dajevima neke od zna\u010dajki na\u0161e web stranice mo\u017eda ne\u0107e funkcionirat.<br \/>\nMolimo pogledajte na\u0161u\u00a0<a href=\"http:\/\/www.commel.hr\/politika_kolacica\">Izjavu o kola\u010di\u0107ima.<\/a><\/p>\n<p><strong>Ostale web stranice<\/strong><br \/>\nMo\u017eemo uklju\u010diti ili ponuditi proizvode ili usluge tre\u0107ih strana na na\u0161oj web stranici, kao na primjer Google Analytics za pra\u0107enje posjeta na\u0161oj stranici i Youtube za video stream. Ove web stranice tre\u0107ih strana imaju odvojena neovisna pravila o privatnosti. Stoga nemamo nikakvu odgovornost za sadr\u017eaj i aktivnosti ovih povezanih web stranica. Ipak, nastojimo za\u0161tititi integritet na\u0161e web stranice stoga su povratne informacije o ovim web stranicama dobrodo\u0161le.<\/p>\n<p><strong>Kako \u0161titimo Va\u0161e podatke<\/strong><br \/>\nCommel \u2013 Zagreb d.o.o. provodi tehni\u010dke, fizi\u010dke i organizacijske mjere za odr\u017eavanje sigurnosti Va\u0161ih osobnih podataka od slu\u010dajnog ili nezakonitog uni\u0161tenja ili slu\u010dajnog gubitka, promjene, neovla\u0161tene uporabe, neovla\u0161tene izmjene, otkrivanja ili pristupa i protiv svih ostalih nezakonitih oblika obrade.<\/p>\n<p><strong>Promjene na\u0161e Politike privatnosti<\/strong><br \/>\nRedovito pregledavamo Politiku privatnosti i postavljamo sva a\u017euriranja na ovu web stranicu. Ova Politika privatnosti a\u017eurirana je 20.06.2018.<\/p>\n<p><strong>Kontaktirajte nas<\/strong><br \/>\nAko imate bilo kakvih pitanja u vezi s na\u0161om Politikom privatnosti ili Va\u0161im osobnim podacima koje posjedujemo, molimo Vas da nas kontaktirate na:<br \/>\ninfo@commel.hr\u00a0 ili<br \/>\nCommel \u2013 Zagreb d.o.o.<br \/>\nSamoborska cesta 143, 10090 Zagreb<\/p>\n<p>U slu\u010daju nezadovoljstva na\u0161om Politikom privatnosti ili Va\u0161im pravima, mo\u017eete kontaktirati nadzorno tijelo za reguliranje za\u0161tite osobnih podataka u Hrvatskoj \u2013 AZOP.<\/p>\n<p>[vc_row css=&#8221;.vc_custom_1590136410071{padding-top: 34px !important;}&#8221;][vc_column][vc_separator border_width=&#8221;5&#8243;][\/vc_column][\/vc_row]<\/p>\n","protected":false},"excerpt":{"rendered":"<p>Va\u0161a privatnost nam je va\u017ena. Ova Politika privatnosti pokriva koje osobne podatke prikupljamo te kako ih koristimo, pohranjujemo, prenosimo i \u0161titimo. Koje podatke prikupljamo o Vama? Kada se pretplatite se na na\u0161 newsletter ili odgovorite na anketu, prikupljaju se osnovni podaci o kontaktu kao \u0161to su e-mail adresa i Va\u0161e ime. Kako \u0107emo koristiti informacije&hellip;<\/p>\n","protected":false},"author":1,"featured_media":0,"parent":0,"menu_order":0,"comment_status":"closed","ping_status":"closed","template":"","meta":{"_monsterinsights_skip_tracking":false,"_monsterinsights_sitenote_active":false,"_monsterinsights_sitenote_note":"","_monsterinsights_sitenote_category":0},"_links":{"self":[{"href":"https:\/\/www.commel.hr\/en\/wp-json\/wp\/v2\/pages\/60140"}],"collection":[{"href":"https:\/\/www.commel.hr\/en\/wp-json\/wp\/v2\/pages"}],"about":[{"href":"https:\/\/www.commel.hr\/en\/wp-json\/wp\/v2\/types\/page"}],"author":[{"embeddable":true,"href":"https:\/\/www.commel.hr\/en\/wp-json\/wp\/v2\/users\/1"}],"replies":[{"embeddable":true,"href":"https:\/\/www.commel.hr\/en\/wp-json\/wp\/v2\/comments?post=60140"}],"version-history":[{"count":1,"href":"https:\/\/www.commel.hr\/en\/wp-json\/wp\/v2\/pages\/60140\/revisions"}],"predecessor-version":[{"id":60141,"href":"https:\/\/www.commel.hr\/en\/wp-json\/wp\/v2\/pages\/60140\/revisions\/60141"}],"wp:attachment":[{"href":"https:\/\/www.commel.hr\/en\/wp-json\/wp\/v2\/media?parent=60140"}],"curies":[{"name":"wp","href":"https:\/\/api.w.org\/{rel}","templated":true}]}}